{"id":587,"date":"2024-08-07T06:58:01","date_gmt":"2024-08-07T06:58:01","guid":{"rendered":"https:\/\/themewant.com\/products\/wordpress\/nathan-dark\/?page_id=12"},"modified":"2026-03-11T16:39:30","modified_gmt":"2026-03-11T16:39:30","slug":"home","status":"publish","type":"page","link":"https:\/\/santiago.igr05.pt\/","title":{"rendered":"Nathan"},"content":{"rendered":"\t\t<div data-elementor-type=\"wp-page\" data-elementor-id=\"587\" class=\"elementor elementor-587\" data-elementor-post-type=\"page\">\n\t\t\t\t<div class=\"elementor-element elementor-element-10fcebd e-flex e-con-boxed rt-default-class e-con e-parent\" data-id=\"10fcebd\" data-element_type=\"container\" data-e-type=\"container\">\n\t\t\t\t\t<div class=\"e-con-inner\">\n\t\t<div class=\"elementor-element elementor-element-7ec9e80 e-con-full e-flex rt-default-class e-con e-child\" data-id=\"7ec9e80\" data-element_type=\"container\" data-e-type=\"container\">\n\t\t<div class=\"elementor-element elementor-element-8a78a3d e-con-full e-flex rt-default-class e-con e-child\" data-id=\"8a78a3d\" data-element_type=\"container\" data-e-type=\"container\">\n\t\t\t\t<div class=\"elementor-element elementor-element-bcd9b9b rt-default-class elementor-invisible elementor-widget elementor-widget-heading\" data-id=\"bcd9b9b\" data-element_type=\"widget\" data-e-type=\"widget\" data-settings=\"{&quot;_animation&quot;:&quot;fadeInUp&quot;}\" data-widget_type=\"heading.default\">\n\t\t\t\t\t<span class=\"elementor-heading-title elementor-size-default\">o que sou<\/span>\t\t\t\t<\/div>\n\t\t\t\t<div class=\"elementor-element elementor-element-fa711fb rt-default-class elementor-invisible elementor-widget elementor-widget-heading\" data-id=\"fa711fb\" data-element_type=\"widget\" data-e-type=\"widget\" data-settings=\"{&quot;_animation&quot;:&quot;fadeInUp&quot;}\" data-widget_type=\"heading.default\">\n\t\t\t\t\t<h2 class=\"elementor-heading-title elementor-size-default\">Sou  o santiago e sou um t\u00e9cnico de inform\u00e1tica <\/h2>\t\t\t\t<\/div>\n\t\t\t\t<div class=\"elementor-element elementor-element-c63c226 rt-default-class elementor-invisible elementor-widget elementor-widget-heading\" data-id=\"c63c226\" data-element_type=\"widget\" data-e-type=\"widget\" data-settings=\"{&quot;_animation&quot;:&quot;fadeInUp&quot;}\" data-widget_type=\"heading.default\">\n\t\t\t\t\t<p class=\"elementor-heading-title elementor-size-default\">Desde muito novo sempre gostei de tecnologia e sempre pensei em seguir esta \u00e1rea. <\/p>\t\t\t\t<\/div>\n\t\t\t\t<\/div>\n\t\t<div class=\"elementor-element elementor-element-20d86c2 e-con-full e-flex rt-default-class e-con e-child\" data-id=\"20d86c2\" data-element_type=\"container\" data-e-type=\"container\">\n\t\t\t\t<div class=\"elementor-element elementor-element-031b5dc elementor-widget-mobile__width-inherit rt-default-class elementor-invisible elementor-widget elementor-widget-rt-react-image\" data-id=\"031b5dc\" data-element_type=\"widget\" data-e-type=\"widget\" data-settings=\"{&quot;_animation&quot;:&quot;fadeInUp&quot;}\" data-widget_type=\"rt-react-image.default\">\n\t\t\t\t<div class=\"elementor-widget-container\">\n\t\t\t\t\t                        <div class=\"reveal-item overflow-hidden aos-init\">\n                     <div class=\"reveal-animation reveal-end reveal-primary aos aos-init\" data-aos=\"reveal-end\"><\/div>\n                     <img decoding=\"async\" class=\"react-multi-image  \" src=\"http:\/\/santiago.igr05.pt\/wp-content\/uploads\/2026\/03\/Captura-de-ecra-2026-03-11-160612.png\" alt=\"\"\/>\n                 <\/div>\n                        \n    \t\t\t\t<\/div>\n\t\t\t\t<\/div>\n\t\t\t\t<\/div>\n\t\t\t\t<\/div>\n\t\t<div class=\"elementor-element elementor-element-f5e5ce3 e-con-full e-flex rt-default-class e-con e-child\" data-id=\"f5e5ce3\" data-element_type=\"container\" data-e-type=\"container\">\n\t\t\t\t<div class=\"elementor-element elementor-element-fd5ea13 rt-default-class elementor-widget elementor-widget-counter\" data-id=\"fd5ea13\" data-element_type=\"widget\" data-e-type=\"widget\" data-widget_type=\"counter.default\">\n\t\t\t\t\t\t\t<div class=\"elementor-counter\">\n\t\t\t<p class=\"elementor-counter-title\">Horas feitas<\/p>\t\t\t<div class=\"elementor-counter-number-wrapper\">\n\t\t\t\t<span class=\"elementor-counter-number-prefix\"><\/span>\n\t\t\t\t<span class=\"elementor-counter-number\" data-duration=\"2000\" data-to-value=\"8240\" data-from-value=\"0\">0<\/span>\n\t\t\t\t<span class=\"elementor-counter-number-suffix\"><\/span>\n\t\t\t<\/div>\n\t\t<\/div>\n\t\t\t\t\t\t<\/div>\n\t\t\t\t<div class=\"elementor-element elementor-element-4c858d5 rt-default-class elementor-widget elementor-widget-counter\" data-id=\"4c858d5\" data-element_type=\"widget\" data-e-type=\"widget\" data-widget_type=\"counter.default\">\n\t\t\t\t\t\t\t<div class=\"elementor-counter\">\n\t\t\t<p class=\"elementor-counter-title\">Projetos feitos<\/p>\t\t\t<div class=\"elementor-counter-number-wrapper\">\n\t\t\t\t<span class=\"elementor-counter-number-prefix\"><\/span>\n\t\t\t\t<span class=\"elementor-counter-number\" data-duration=\"2000\" data-to-value=\"315\" data-from-value=\"0\">0<\/span>\n\t\t\t\t<span class=\"elementor-counter-number-suffix\"><\/span>\n\t\t\t<\/div>\n\t\t<\/div>\n\t\t\t\t\t\t<\/div>\n\t\t\t\t<div class=\"elementor-element elementor-element-a92ddb5 rt-default-class elementor-widget elementor-widget-counter\" data-id=\"a92ddb5\" data-element_type=\"widget\" data-e-type=\"widget\" data-widget_type=\"counter.default\">\n\t\t\t\t\t\t\t<div class=\"elementor-counter\">\n\t\t\t<p class=\"elementor-counter-title\">Clientes satisfeitos<\/p>\t\t\t<div class=\"elementor-counter-number-wrapper\">\n\t\t\t\t<span class=\"elementor-counter-number-prefix\"><\/span>\n\t\t\t\t<span class=\"elementor-counter-number\" data-duration=\"2000\" data-to-value=\"250\" data-from-value=\"0\">0<\/span>\n\t\t\t\t<span class=\"elementor-counter-number-suffix\"><\/span>\n\t\t\t<\/div>\n\t\t<\/div>\n\t\t\t\t\t\t<\/div>\n\t\t\t\t<div class=\"elementor-element elementor-element-cfd1847 rt-default-class elementor-widget elementor-widget-counter\" data-id=\"cfd1847\" data-element_type=\"widget\" data-e-type=\"widget\" data-widget_type=\"counter.default\">\n\t\t\t\t\t\t\t<div class=\"elementor-counter\">\n\t\t\t<p class=\"elementor-counter-title\">Pr\u00e9mios ganhos<\/p>\t\t\t<div class=\"elementor-counter-number-wrapper\">\n\t\t\t\t<span class=\"elementor-counter-number-prefix\"><\/span>\n\t\t\t\t<span class=\"elementor-counter-number\" data-duration=\"2000\" data-to-value=\"32\" data-from-value=\"0\">0<\/span>\n\t\t\t\t<span class=\"elementor-counter-number-suffix\"><\/span>\n\t\t\t<\/div>\n\t\t<\/div>\n\t\t\t\t\t\t<\/div>\n\t\t\t\t<\/div>\n\t\t\t\t\t<\/div>\n\t\t\t\t<\/div>\n\t\t<div class=\"elementor-element elementor-element-b70c8a9 e-flex e-con-boxed rt-default-class e-con e-parent\" data-id=\"b70c8a9\" data-element_type=\"container\" data-e-type=\"container\">\n\t\t\t\t\t<div class=\"e-con-inner\">\n\t\t<div class=\"elementor-element elementor-element-39447bb e-con-full e-flex rt-default-class e-con e-child\" data-id=\"39447bb\" data-element_type=\"container\" data-e-type=\"container\">\n\t\t\t\t<div class=\"elementor-element elementor-element-2cd10f1 rt-default-class elementor-invisible elementor-widget elementor-widget-heading\" data-id=\"2cd10f1\" data-element_type=\"widget\" data-e-type=\"widget\" data-settings=\"{&quot;_animation&quot;:&quot;fadeInUp&quot;}\" data-widget_type=\"heading.default\">\n\t\t\t\t\t<span class=\"elementor-heading-title elementor-size-default\">Sobre mim<\/span>\t\t\t\t<\/div>\n\t\t\t\t<\/div>\n\t\t<div class=\"elementor-element elementor-element-7dac70f e-con-full e-flex rt-default-class e-con e-child\" data-id=\"7dac70f\" data-element_type=\"container\" data-e-type=\"container\">\n\t\t\t\t<div class=\"elementor-element elementor-element-1c95b6f rt-default-class elementor-invisible elementor-widget elementor-widget-heading\" data-id=\"1c95b6f\" data-element_type=\"widget\" data-e-type=\"widget\" data-settings=\"{&quot;_animation&quot;:&quot;fadeInUp&quot;}\" data-widget_type=\"heading.default\">\n\t\t\t\t\t<h2 class=\"elementor-heading-title elementor-size-default\">Sou uma pessoa dedicada, com vontade de aprender e de desenvolver novas compet\u00eancias, procurando sempre melhorar os meus conhecimentos e capacidades.<\/h2>\t\t\t\t<\/div>\n\t\t<div class=\"elementor-element elementor-element-7c45f01 e-con-full e-flex rt-default-class elementor-invisible e-con e-child\" data-id=\"7c45f01\" data-element_type=\"container\" data-e-type=\"container\" data-settings=\"{&quot;animation&quot;:&quot;fadeInUp&quot;}\">\n\t\t<div class=\"elementor-element elementor-element-4023d51 e-con-full e-flex rt-default-class e-con e-child\" data-id=\"4023d51\" data-element_type=\"container\" data-e-type=\"container\">\n\t\t\t\t<div class=\"elementor-element elementor-element-e2ec1b4 rt-default-class elementor-widget elementor-widget-text-editor\" data-id=\"e2ec1b4\" data-element_type=\"widget\" data-e-type=\"widget\" data-widget_type=\"text-editor.default\">\n\t\t\t\t\t\t\t\t\t<p>Sou t\u00e9cnico de inform\u00e1tica com conhecimentos em manuten\u00e7\u00e3o e configura\u00e7\u00e3o de computadores. Tenho experi\u00eancia na instala\u00e7\u00e3o de sistemas operativos, programas e na resolu\u00e7\u00e3o de problemas t\u00e9cnicos de hardware e software. Sou uma pessoa respons\u00e1vel, organizada e com facilidade em aprender novas tecnologias.<\/p>\t\t\t\t\t\t\t\t<\/div>\n\t\t\t\t<\/div>\n\t\t<div class=\"elementor-element elementor-element-d989763 e-con-full e-flex rt-default-class e-con e-child\" data-id=\"d989763\" data-element_type=\"container\" data-e-type=\"container\">\n\t\t\t\t<\/div>\n\t\t\t\t<\/div>\n\t\t\t\t<\/div>\n\t\t\t\t\t<\/div>\n\t\t\t\t<\/div>\n\t\t<div class=\"elementor-element elementor-element-7df9582 e-flex e-con-boxed rt-default-class e-con e-parent\" data-id=\"7df9582\" data-element_type=\"container\" data-e-type=\"container\">\n\t\t\t\t\t<div class=\"e-con-inner\">\n\t\t<div class=\"elementor-element elementor-element-7047e63 e-con-full e-flex rt-default-class elementor-invisible e-con e-child\" data-id=\"7047e63\" data-element_type=\"container\" data-e-type=\"container\" data-settings=\"{&quot;animation&quot;:&quot;fadeInRight&quot;}\">\n\t\t\t\t<div class=\"elementor-element elementor-element-db78d04 elementor-widget-mobile__width-inherit rt-default-class elementor-widget elementor-widget-rt-react-image\" data-id=\"db78d04\" data-element_type=\"widget\" data-e-type=\"widget\" data-widget_type=\"rt-react-image.default\">\n\t\t\t\t<div class=\"elementor-widget-container\">\n\t\t\t\t\t                    <div data-jarallax class=\"react-jarallax-img jarallax react-image\">\n                                    <img decoding=\"async\" class=\"jarallax-img \" src=\"https:\/\/themewant.com\/products\/wordpress\/nathan-dark\/wp-content\/uploads\/2024\/08\/2.webp\"\/>\n                            <\/div>\n                   \n    \t\t\t\t<\/div>\n\t\t\t\t<\/div>\n\t\t\t\t<div class=\"elementor-element elementor-element-b782789 elementor-absolute rt-default-class elementor-widget elementor-widget-heading\" data-id=\"b782789\" data-element_type=\"widget\" data-e-type=\"widget\" data-settings=\"{&quot;_position&quot;:&quot;absolute&quot;}\" data-widget_type=\"heading.default\">\n\t\t\t\t\t<h3 class=\"elementor-heading-title elementor-size-default\">o que fa\u00e7o<\/h3>\t\t\t\t<\/div>\n\t\t\t\t<\/div>\n\t\t<div class=\"elementor-element elementor-element-84899a7 e-con-full e-flex rt-default-class e-con e-child\" data-id=\"84899a7\" data-element_type=\"container\" data-e-type=\"container\">\n\t\t\t\t<div class=\"elementor-element elementor-element-13633cc elementor-widget__width-initial rt-default-class elementor-invisible elementor-widget elementor-widget-icon-box\" data-id=\"13633cc\" data-element_type=\"widget\" data-e-type=\"widget\" data-settings=\"{&quot;_animation&quot;:&quot;fadeInRight&quot;}\" data-widget_type=\"icon-box.default\">\n\t\t\t\t\t\t\t<div class=\"elementor-icon-box-wrapper\">\n\n\t\t\t\n\t\t\t\t\t\t<div class=\"elementor-icon-box-content\">\n\n\t\t\t\t\t\t\t\t\t<h3 class=\"elementor-icon-box-title\">\n\t\t\t\t\t\t<span  >\n\t\t\t\t\t\t\tHARDWARE\t\t\t\t\t\t<\/span>\n\t\t\t\t\t<\/h3>\n\t\t\t\t\n\t\t\t\t\t\t\t\t\t<p class=\"elementor-icon-box-description\">\n\t\t\t\t\t\tInstala\u00e7\u00e3o, configura\u00e7\u00e3o e manuten\u00e7\u00e3o de\ncomputadores e perif\u00e9ricos\t\t\t\t\t<\/p>\n\t\t\t\t\n\t\t\t<\/div>\n\t\t\t\n\t\t<\/div>\n\t\t\t\t\t\t<\/div>\n\t\t\t\t<div class=\"elementor-element elementor-element-7c8af89 elementor-widget__width-initial rt-default-class elementor-invisible elementor-widget elementor-widget-icon-box\" data-id=\"7c8af89\" data-element_type=\"widget\" data-e-type=\"widget\" data-settings=\"{&quot;_animation&quot;:&quot;fadeInRight&quot;}\" data-widget_type=\"icon-box.default\">\n\t\t\t\t\t\t\t<div class=\"elementor-icon-box-wrapper\">\n\n\t\t\t\n\t\t\t\t\t\t<div class=\"elementor-icon-box-content\">\n\n\t\t\t\t\t\t\t\t\t<h3 class=\"elementor-icon-box-title\">\n\t\t\t\t\t\t<span  >\n\t\t\t\t\t\t\tHArdware\t\t\t\t\t\t<\/span>\n\t\t\t\t\t<\/h3>\n\t\t\t\t\n\t\t\t\t\t\t\t\t\t<p class=\"elementor-icon-box-description\">\n\t\t\t\t\t\tMontagem, diagn\u00f3stico e repara\u00e7\u00e3o de\nhardware\t\t\t\t\t<\/p>\n\t\t\t\t\n\t\t\t<\/div>\n\t\t\t\n\t\t<\/div>\n\t\t\t\t\t\t<\/div>\n\t\t\t\t<div class=\"elementor-element elementor-element-f667658 elementor-widget__width-initial rt-default-class elementor-invisible elementor-widget elementor-widget-icon-box\" data-id=\"f667658\" data-element_type=\"widget\" data-e-type=\"widget\" data-settings=\"{&quot;_animation&quot;:&quot;fadeInRight&quot;}\" data-widget_type=\"icon-box.default\">\n\t\t\t\t\t\t\t<div class=\"elementor-icon-box-wrapper\">\n\n\t\t\t\n\t\t\t\t\t\t<div class=\"elementor-icon-box-content\">\n\n\t\t\t\t\t\t\t\t\t<h3 class=\"elementor-icon-box-title\">\n\t\t\t\t\t\t<span  >\n\t\t\t\t\t\t\tsoftware\t\t\t\t\t\t<\/span>\n\t\t\t\t\t<\/h3>\n\t\t\t\t\n\t\t\t\t\t\t\t\t\t<p class=\"elementor-icon-box-description\">\n\t\t\t\t\t\tInstala\u00e7\u00e3o e administra\u00e7\u00e3o de sistemas\noperativos\t\t\t\t\t<\/p>\n\t\t\t\t\n\t\t\t<\/div>\n\t\t\t\n\t\t<\/div>\n\t\t\t\t\t\t<\/div>\n\t\t\t\t<div class=\"elementor-element elementor-element-e82e52f elementor-widget__width-initial rt-default-class elementor-invisible elementor-widget elementor-widget-icon-box\" data-id=\"e82e52f\" data-element_type=\"widget\" data-e-type=\"widget\" data-settings=\"{&quot;_animation&quot;:&quot;fadeInRight&quot;}\" data-widget_type=\"icon-box.default\">\n\t\t\t\t\t\t\t<div class=\"elementor-icon-box-wrapper\">\n\n\t\t\t\n\t\t\t\t\t\t<div class=\"elementor-icon-box-content\">\n\n\t\t\t\t\t\t\t\t\t<h3 class=\"elementor-icon-box-title\">\n\t\t\t\t\t\t<span  >\n\t\t\t\t\t\t\tsoftware\t\t\t\t\t\t<\/span>\n\t\t\t\t\t<\/h3>\n\t\t\t\t\n\t\t\t\t\t\t\t\t\t<p class=\"elementor-icon-box-description\">\n\t\t\t\t\t\tPrograma\u00e7\u00e3o em linguagens como C e Java\t\t\t\t\t<\/p>\n\t\t\t\t\n\t\t\t<\/div>\n\t\t\t\n\t\t<\/div>\n\t\t\t\t\t\t<\/div>\n\t\t\t\t<div class=\"elementor-element elementor-element-3ec09d7 elementor-widget__width-initial rt-default-class elementor-invisible elementor-widget elementor-widget-icon-box\" data-id=\"3ec09d7\" data-element_type=\"widget\" data-e-type=\"widget\" data-settings=\"{&quot;_animation&quot;:&quot;fadeInRight&quot;}\" data-widget_type=\"icon-box.default\">\n\t\t\t\t\t\t\t<div class=\"elementor-icon-box-wrapper\">\n\n\t\t\t\n\t\t\t\t\t\t<div class=\"elementor-icon-box-content\">\n\n\t\t\t\t\t\t\t\t\t<h3 class=\"elementor-icon-box-title\">\n\t\t\t\t\t\t<span  >\n\t\t\t\t\t\t\tsoftware\t\t\t\t\t\t<\/span>\n\t\t\t\t\t<\/h3>\n\t\t\t\t\n\t\t\t\t\t\t\t\t\t<p class=\"elementor-icon-box-description\">\n\t\t\t\t\t\tDesenvolvimento de aplica\u00e7\u00f5es inform\u00e1ticas e\naplica\u00e7\u00f5es web\t\t\t\t\t<\/p>\n\t\t\t\t\n\t\t\t<\/div>\n\t\t\t\n\t\t<\/div>\n\t\t\t\t\t\t<\/div>\n\t\t\t\t<div class=\"elementor-element elementor-element-9d67d08 elementor-widget__width-initial rt-default-class elementor-invisible elementor-widget elementor-widget-icon-box\" data-id=\"9d67d08\" data-element_type=\"widget\" data-e-type=\"widget\" data-settings=\"{&quot;_animation&quot;:&quot;fadeInRight&quot;}\" data-widget_type=\"icon-box.default\">\n\t\t\t\t\t\t\t<div class=\"elementor-icon-box-wrapper\">\n\n\t\t\t\n\t\t\t\t\t\t<div class=\"elementor-icon-box-content\">\n\n\t\t\t\t\t\t\t\t\t<h3 class=\"elementor-icon-box-title\">\n\t\t\t\t\t\t<span  >\n\t\t\t\t\t\t\tsoftware\t\t\t\t\t\t<\/span>\n\t\t\t\t\t<\/h3>\n\t\t\t\t\n\t\t\t\t\t\t\t\t\t<p class=\"elementor-icon-box-description\">\n\t\t\t\t\t\tCria\u00e7\u00e3o, gest\u00e3o e manuten\u00e7\u00e3o de bases de\ndados\t\t\t\t\t<\/p>\n\t\t\t\t\n\t\t\t<\/div>\n\t\t\t\n\t\t<\/div>\n\t\t\t\t\t\t<\/div>\n\t\t\t\t<\/div>\n\t\t\t\t\t<\/div>\n\t\t\t\t<\/div>\n\t\t<div class=\"elementor-element elementor-element-e40aeaf e-con-full e-flex rt-default-class e-con e-parent\" data-id=\"e40aeaf\" data-element_type=\"container\" data-e-type=\"container\">\n\t\t<div class=\"elementor-element elementor-element-d61dcf9 e-con-full e-flex rt-default-class e-con e-child\" data-id=\"d61dcf9\" data-element_type=\"container\" data-e-type=\"container\">\n\t\t<div class=\"elementor-element elementor-element-aeefd89 e-con-full e-flex rt-default-class e-con e-child\" data-id=\"aeefd89\" data-element_type=\"container\" data-e-type=\"container\">\n\t\t\t\t<\/div>\n\t\t<div class=\"elementor-element elementor-element-fe092b0 e-con-full e-flex rt-default-class e-con e-child\" data-id=\"fe092b0\" data-element_type=\"container\" data-e-type=\"container\">\n\t\t\t\t<div class=\"elementor-element elementor-element-82759b5 rt-default-class elementor-invisible elementor-widget elementor-widget-heading\" data-id=\"82759b5\" data-element_type=\"widget\" data-e-type=\"widget\" data-settings=\"{&quot;_animation&quot;:&quot;fadeInUp&quot;}\" data-widget_type=\"heading.default\">\n\t\t\t\t\t<h2 class=\"elementor-heading-title elementor-size-default\">com esfor\u00e7o, dedica\u00e7\u00e3o e vontade de aprender \u00e9 poss\u00edvel crescer e superar qualquer desafio<\/h2>\t\t\t\t<\/div>\n\t\t\t\t<\/div>\n\t\t\t\t<\/div>\n\t\t\t\t<\/div>\n\t\t<div class=\"elementor-element elementor-element-1a6968c e-flex e-con-boxed rt-default-class e-con e-parent\" data-id=\"1a6968c\" data-element_type=\"container\" data-e-type=\"container\">\n\t\t\t\t\t<div class=\"e-con-inner\">\n\t\t\t\t<div class=\"elementor-element elementor-element-4b8a190 rt-default-class elementor-invisible elementor-widget elementor-widget-rt-marquee\" data-id=\"4b8a190\" data-element_type=\"widget\" data-e-type=\"widget\" data-settings=\"{&quot;_animation&quot;:&quot;fadeInRight&quot;}\" data-widget_type=\"rt-marquee.default\">\n\t\t\t\t<div class=\"elementor-widget-container\">\n\t\t\t\t\t                    <div class=\"rt-marquee stroke-yes\">\n                <div class=\"title 21021 no\">\n                    <p>FEITO POR: SANTIAGO GON\u00c7ALVES\u00a0<\/p>                <\/div>\n            <\/div>\n                <script>\n            (function($) {\n                'use strict';\n                $(document).ready(function() {\n                    function Marquee (){\n                        $('.rt-marquee .title.21021').marquee({\n                            direction: 'left',\n                            duration: 8000,\n                            gap: 0,\n                            delayBeforeStart: 0,\n                            duplicated: true,\n                            startVisible: true\n                        });\n                    }\n                    Marquee();\n                });\n            })(jQuery);\n        <\/script>\n\n    \t\t\t\t<\/div>\n\t\t\t\t<\/div>\n\t\t\t\t\t<\/div>\n\t\t\t\t<\/div>\n\t\t<div class=\"elementor-element elementor-element-c03810f e-flex e-con-boxed rt-default-class e-con e-parent\" data-id=\"c03810f\" data-element_type=\"container\" data-e-type=\"container\">\n\t\t\t\t\t<div class=\"e-con-inner\">\n\t\t<div class=\"elementor-element elementor-element-b94852c e-con-full e-flex rt-default-class e-con e-child\" data-id=\"b94852c\" data-element_type=\"container\" data-e-type=\"container\">\n\t\t<div class=\"elementor-element elementor-element-a53219b e-con-full e-flex rt-default-class e-con e-child\" data-id=\"a53219b\" data-element_type=\"container\" data-e-type=\"container\">\n\t\t\t\t<\/div>\n\t\t<div class=\"elementor-element elementor-element-333bc36 e-con-full e-flex rt-default-class e-con e-child\" data-id=\"333bc36\" data-element_type=\"container\" data-e-type=\"container\">\n\t\t\t\t<div class=\"elementor-element elementor-element-55d75f1 elementor-blockquote--skin-border elementor-blockquote--button-view-icon-text elementor-blockquote--button-skin-classic rt-default-class elementor-widget elementor-widget-blockquote\" data-id=\"55d75f1\" data-element_type=\"widget\" data-e-type=\"widget\" data-widget_type=\"blockquote.default\">\n\t\t\t\t\t\t\t<blockquote class=\"elementor-blockquote\">\n\t\t\t<p class=\"elementor-blockquote__content\">\n\t\t\t\t\u201cO sucesso normalmente vem para aqueles que est\u00e3o demasiado ocupados para o procurar.\u201d\t\t\t<\/p>\n\t\t\t\t\t\t\t<div class=\"e-q-footer\">\n\t\t\t\t\t\t\t\t\t\t\t<cite class=\"elementor-blockquote__author\">Henry David Thoreau<\/cite>\n\t\t\t\t\t\t\t\t\t\t\t\t\t\t\t\t<a href=\"https:\/\/twitter.com\/intent\/tweet?text=%E2%80%9CO+sucesso+normalmente+vem+para+aqueles+que+est%C3%A3o+demasiado+ocupados+para+o+procurar.%E2%80%9D+%E2%80%94+Henry+David+Thoreau&amp;url=https%3A%2F%2Fsantiago.igr05.pt%2F\" class=\"elementor-blockquote__tweet-button\" target=\"_blank\">\n\t\t\t\t\t\t\t\t\t\t\t\t\t\t\t<svg aria-hidden=\"true\" class=\"e-font-icon-svg e-fab-twitter\" viewBox=\"0 0 512 512\" xmlns=\"http:\/\/www.w3.org\/2000\/svg\"><path d=\"M459.37 151.716c.325 4.548.325 9.097.325 13.645 0 138.72-105.583 298.558-298.558 298.558-59.452 0-114.68-17.219-161.137-47.106 8.447.974 16.568 1.299 25.34 1.299 49.055 0 94.213-16.568 130.274-44.832-46.132-.975-84.792-31.188-98.112-72.772 6.498.974 12.995 1.624 19.818 1.624 9.421 0 18.843-1.3 27.614-3.573-48.081-9.747-84.143-51.98-84.143-102.985v-1.299c13.969 7.797 30.214 12.67 47.431 13.319-28.264-18.843-46.781-51.005-46.781-87.391 0-19.492 5.197-37.36 14.294-52.954 51.655 63.675 129.3 105.258 216.365 109.807-1.624-7.797-2.599-15.918-2.599-24.04 0-57.828 46.782-104.934 104.934-104.934 30.213 0 57.502 12.67 76.67 33.137 23.715-4.548 46.456-13.32 66.599-25.34-7.798 24.366-24.366 44.833-46.132 57.827 21.117-2.273 41.584-8.122 60.426-16.243-14.292 20.791-32.161 39.308-52.628 54.253z\"><\/path><\/svg>\t\t\t\t\t\t\t\t\t\t\t\t\t\t\t\t\t\t\t\t\t\t\t\t\t\t\t\t\t\t<span class=\"elementor-blockquote__tweet-label\">Tweet<\/span>\n\t\t\t\t\t\t\t\t\t\t\t\t\t<\/a>\n\t\t\t\t\t\t\t\t\t<\/div>\n\t\t\t\t\t<\/blockquote>\n\t\t\t\t\t\t<\/div>\n\t\t\t\t<\/div>\n\t\t\t\t<\/div>\n\t\t\t\t\t<\/div>\n\t\t\t\t<\/div>\n\t\t<div class=\"elementor-element elementor-element-d4db6d3 e-flex e-con-boxed rt-default-class e-con e-parent\" data-id=\"d4db6d3\" data-element_type=\"container\" data-e-type=\"container\">\n\t\t\t\t\t<div class=\"e-con-inner\">\n\t\t\t\t<div class=\"elementor-element elementor-element-4941bd1 rt-default-class elementor-widget elementor-widget-google_maps\" data-id=\"4941bd1\" data-element_type=\"widget\" data-e-type=\"widget\" data-widget_type=\"google_maps.default\">\n\t\t\t\t\t\t\t<div class=\"elementor-custom-embed\">\n\t\t\t<iframe loading=\"lazy\"\n\t\t\t\t\tsrc=\"https:\/\/maps.google.com\/maps?q=Pra%C3%A7a%20do%20Com%C3%A9rcio%2C%20Lisboa%2C%20Portugal&#038;t=m&#038;z=10&#038;output=embed&#038;iwloc=near\"\n\t\t\t\t\ttitle=\"Pra\u00e7a do Com\u00e9rcio, Lisboa, Portugal\"\n\t\t\t\t\taria-label=\"Pra\u00e7a do Com\u00e9rcio, Lisboa, Portugal\"\n\t\t\t><\/iframe>\n\t\t<\/div>\n\t\t\t\t\t\t<\/div>\n\t\t\t\t\t<\/div>\n\t\t\t\t<\/div>\n\t\t<div class=\"elementor-element elementor-element-779a276 e-flex e-con-boxed rt-default-class e-con e-parent\" data-id=\"779a276\" data-element_type=\"container\" data-e-type=\"container\">\n\t\t\t\t\t<div class=\"e-con-inner\">\n\t\t\t\t<div class=\"elementor-element elementor-element-547c225 elementor-widget__width-inherit rt-default-class elementor-invisible elementor-widget elementor-widget-react-button\" data-id=\"547c225\" data-element_type=\"widget\" data-e-type=\"widget\" data-settings=\"{&quot;_animation&quot;:&quot;fadeInUp&quot;}\" data-widget_type=\"react-button.default\">\n\t\t\t\t<div class=\"elementor-widget-container\">\n\t\t\t\t\t\t\n\t\t\n\t\t<div class=\"react-button  primary_btn\">\n\t\t\t\t\t\t<a class=\"react_button hover_effect\" href=\"#\" >\t\t\t\t\n\t\t\t\t<span class=\"btn_text\" > In\u00edcio <\/span>\n\t\t\t<\/a>\n\t\t<\/div>\n\t\n\n\t\t\t\t\t<\/div>\n\t\t\t\t<\/div>\n\t\t\t\t\t<\/div>\n\t\t\t\t<\/div>\n\t\t\t\t<\/div>\n\t\t","protected":false},"excerpt":{"rendered":"<p>o que sou Sou o santiago e sou um t\u00e9cnico de inform\u00e1tica Desde muito novo sempre gostei de tecnologia e sempre pensei em seguir esta \u00e1rea. Horas feitas 0 Projetos feitos 0 Clientes satisfeitos 0 Pr\u00e9mios ganhos 0 Sobre mim Sou uma pessoa dedicada, com vontade de aprender e de desenvolver novas compet\u00eancias, procurando sempre&#8230;<\/p>\n","protected":false},"author":1,"featured_media":0,"parent":0,"menu_order":0,"comment_status":"closed","ping_status":"closed","template":"elementor_header_footer","meta":{"footnotes":""},"class_list":["post-587","page","type-page","status-publish","hentry"],"_links":{"self":[{"href":"https:\/\/santiago.igr05.pt\/index.php\/wp-json\/wp\/v2\/pages\/587","targetHints":{"allow":["GET"]}}],"collection":[{"href":"https:\/\/santiago.igr05.pt\/index.php\/wp-json\/wp\/v2\/pages"}],"about":[{"href":"https:\/\/santiago.igr05.pt\/index.php\/wp-json\/wp\/v2\/types\/page"}],"author":[{"embeddable":true,"href":"https:\/\/santiago.igr05.pt\/index.php\/wp-json\/wp\/v2\/users\/1"}],"replies":[{"embeddable":true,"href":"https:\/\/santiago.igr05.pt\/index.php\/wp-json\/wp\/v2\/comments?post=587"}],"version-history":[{"count":25,"href":"https:\/\/santiago.igr05.pt\/index.php\/wp-json\/wp\/v2\/pages\/587\/revisions"}],"predecessor-version":[{"id":808,"href":"https:\/\/santiago.igr05.pt\/index.php\/wp-json\/wp\/v2\/pages\/587\/revisions\/808"}],"wp:attachment":[{"href":"https:\/\/santiago.igr05.pt\/index.php\/wp-json\/wp\/v2\/media?parent=587"}],"curies":[{"name":"wp","href":"https:\/\/api.w.org\/{rel}","templated":true}]}}